{"id":1862,"date":"2024-02-10T11:29:19","date_gmt":"2024-02-10T10:29:19","guid":{"rendered":"https:\/\/www.freibad-jesteburg.de\/?page_id=1862"},"modified":"2025-03-09T15:25:15","modified_gmt":"2025-03-09T14:25:15","slug":"spende-an-den-verein","status":"publish","type":"page","link":"https:\/\/www.freibad-jesteburg.de\/?page_id=1862","title":{"rendered":"Unterst\u00fctze Dein Freibad"},"content":{"rendered":"\t\t<div data-elementor-type=\"wp-page\" data-elementor-id=\"1862\" class=\"elementor elementor-1862\">\n\t\t\t\t\t\t<section class=\"elementor-section elementor-top-section elementor-element elementor-element-e29d624 elementor-section-boxed elementor-section-height-default elementor-section-height-default\" data-id=\"e29d624\" data-element_type=\"section\">\n\t\t\t\t\t\t<div class=\"elementor-container elementor-column-gap-default\">\n\t\t\t\t\t<div class=\"elementor-column elementor-col-100 elementor-top-column elementor-element elementor-element-3c3818d\" data-id=\"3c3818d\" data-element_type=\"column\">\n\t\t\t<div class=\"elementor-widget-wrap elementor-element-populated\">\n\t\t\t\t\t\t<div class=\"elementor-element elementor-element-a1e8daf elementor-widget elementor-widget-text-editor\" data-id=\"a1e8daf\" data-element_type=\"widget\" data-widget_type=\"text-editor.default\">\n\t\t\t\t<div class=\"elementor-widget-container\">\n\t\t\t\t\t\t\t<p>Um zum Erhalt unseres Freibades beizutragen, ist eine direkte Spende an den F\u00f6rderverein Unser Freibad Jesteburg e.V. m\u00f6glich.<\/p>\t\t\t\t\t\t<\/div>\n\t\t\t\t<\/div>\n\t\t\t\t\t<\/div>\n\t\t<\/div>\n\t\t\t\t\t<\/div>\n\t\t<\/section>\n\t\t\t\t<section class=\"elementor-section elementor-top-section elementor-element elementor-element-afec92e elementor-section-boxed elementor-section-height-default elementor-section-height-default\" data-id=\"afec92e\" data-element_type=\"section\">\n\t\t\t\t\t\t<div class=\"elementor-container elementor-column-gap-default\">\n\t\t\t\t\t<div class=\"elementor-column elementor-col-100 elementor-top-column elementor-element elementor-element-30b8961\" data-id=\"30b8961\" data-element_type=\"column\">\n\t\t\t<div class=\"elementor-widget-wrap elementor-element-populated\">\n\t\t\t\t\t\t<div class=\"elementor-element elementor-element-2fd1b94 elementor-button-success elementor-align-center elementor-widget elementor-widget-button\" data-id=\"2fd1b94\" data-element_type=\"widget\" data-widget_type=\"button.default\">\n\t\t\t\t<div class=\"elementor-widget-container\">\n\t\t\t\t\t<div class=\"elementor-button-wrapper\">\n\t\t\t<a class=\"elementor-button elementor-button-link elementor-size-sm\" href=\"https:\/\/www.paypal.com\/donate\/?hosted_button_id=VZUJFTVQ49WJG\">\n\t\t\t\t\t\t<span class=\"elementor-button-content-wrapper\">\n\t\t\t\t\t\t\t\t\t<span class=\"elementor-button-text\">unterst\u00fctze Dein Freibad!<\/span>\n\t\t\t\t\t<\/span>\n\t\t\t\t\t<\/a>\n\t\t<\/div>\n\t\t\t\t<\/div>\n\t\t\t\t<\/div>\n\t\t\t\t\t<\/div>\n\t\t<\/div>\n\t\t\t\t\t<\/div>\n\t\t<\/section>\n\t\t\t\t<section class=\"elementor-section elementor-top-section elementor-element elementor-element-2ab6050 elementor-section-boxed elementor-section-height-default elementor-section-height-default\" data-id=\"2ab6050\" data-element_type=\"section\">\n\t\t\t\t\t\t<div class=\"elementor-container elementor-column-gap-default\">\n\t\t\t\t\t<div class=\"elementor-column elementor-col-100 elementor-top-column elementor-element elementor-element-7b56ce3\" data-id=\"7b56ce3\" data-element_type=\"column\">\n\t\t\t<div class=\"elementor-widget-wrap elementor-element-populated\">\n\t\t\t\t\t\t<div class=\"elementor-element elementor-element-918699d elementor-widget elementor-widget-text-editor\" data-id=\"918699d\" data-element_type=\"widget\" data-widget_type=\"text-editor.default\">\n\t\t\t\t<div class=\"elementor-widget-container\">\n\t\t\t\t\t\t\t<p>Spenden an den F\u00f6rderverein k\u00f6nnen von der Steuer abgesetzt werden. Bei Betr\u00e4gen unter \u20ac300,- reicht dem Finanzamt eine Kopie des \u00dcberweisungsbelegs. F\u00fcr gr\u00f6\u00dfere Betr\u00e4ge wird eine Spendenbescheinigung ausgestellt.<\/p><p>Wer lieber &#8222;klassisch&#8220; eine Spende \u00fcberweisen m\u00f6chte, der nutzt bitte folgende Kontoverbindung:<\/p><p>F\u00f6rderverein Unser Freibad Jesteburg e.V.<\/p><p>IBAN: DE 09 2075 0000 0060 0306 08<\/p><p>BIC: NOLADE21HAM<\/p><p>Ein herzliches Dankesch\u00f6n an alle, die auf diesem Wege unterst\u00fctzen wollen!<\/p>\t\t\t\t\t\t<\/div>\n\t\t\t\t<\/div>\n\t\t\t\t\t<\/div>\n\t\t<\/div>\n\t\t\t\t\t<\/div>\n\t\t<\/section>\n\t\t\t\t<\/div>\n\t\t","protected":false},"excerpt":{"rendered":"<p>Um zum Erhalt unseres Freibades beizutragen, ist eine direkte Spende an den F\u00f6rderverein Unser Freibad Jesteburg e.V. m\u00f6glich. unterst\u00fctze Dein Freibad! Spenden [&hellip;]<\/p>\n","protected":false},"author":2,"featured_media":0,"parent":0,"menu_order":0,"comment_status":"closed","ping_status":"closed","template":"","meta":{"inline_featured_image":false,"footnotes":""},"class_list":["post-1862","page","type-page","status-publish","hentry"],"_links":{"self":[{"href":"https:\/\/www.freibad-jesteburg.de\/index.php?rest_route=\/wp\/v2\/pages\/1862"}],"collection":[{"href":"https:\/\/www.freibad-jesteburg.de\/index.php?rest_route=\/wp\/v2\/pages"}],"about":[{"href":"https:\/\/www.freibad-jesteburg.de\/index.php?rest_route=\/wp\/v2\/types\/page"}],"author":[{"embeddable":true,"href":"https:\/\/www.freibad-jesteburg.de\/index.php?rest_route=\/wp\/v2\/users\/2"}],"replies":[{"embeddable":true,"href":"https:\/\/www.freibad-jesteburg.de\/index.php?rest_route=%2Fwp%2Fv2%2Fcomments&post=1862"}],"version-history":[{"count":18,"href":"https:\/\/www.freibad-jesteburg.de\/index.php?rest_route=\/wp\/v2\/pages\/1862\/revisions"}],"predecessor-version":[{"id":2135,"href":"https:\/\/www.freibad-jesteburg.de\/index.php?rest_route=\/wp\/v2\/pages\/1862\/revisions\/2135"}],"wp:attachment":[{"href":"https:\/\/www.freibad-jesteburg.de\/index.php?rest_route=%2Fwp%2Fv2%2Fmedia&parent=1862"}],"curies":[{"name":"wp","href":"https:\/\/api.w.org\/{rel}","templated":true}]}}