{"id":2427,"date":"2026-02-16T21:01:57","date_gmt":"2026-02-16T20:01:57","guid":{"rendered":"https:\/\/www.freibad-jesteburg.de\/?page_id=2427"},"modified":"2026-02-16T21:01:57","modified_gmt":"2026-02-16T20:01:57","slug":"rund-um-ihren-besuch","status":"publish","type":"page","link":"https:\/\/www.freibad-jesteburg.de\/?page_id=2427","title":{"rendered":"Rund um Ihren Besuch"},"content":{"rendered":"\t\t<div data-elementor-type=\"wp-page\" data-elementor-id=\"2427\" class=\"elementor elementor-2427\">\n\t\t\t\t\t\t<section class=\"elementor-section elementor-top-section elementor-element elementor-element-f1693fc elementor-section-boxed elementor-section-height-default elementor-section-height-default\" data-id=\"f1693fc\" data-element_type=\"section\">\n\t\t\t\t\t\t<div class=\"elementor-container elementor-column-gap-default\">\n\t\t\t\t\t<div class=\"elementor-column elementor-col-100 elementor-top-column elementor-element elementor-element-411b90e\" data-id=\"411b90e\" data-element_type=\"column\">\n\t\t\t<div class=\"elementor-widget-wrap elementor-element-populated\">\n\t\t\t\t\t\t<div class=\"elementor-element elementor-element-2365c39 elementor-widget elementor-widget-heading\" data-id=\"2365c39\" data-element_type=\"widget\" data-widget_type=\"heading.default\">\n\t\t\t\t<div class=\"elementor-widget-container\">\n\t\t\t<h2 class=\"elementor-heading-title elementor-size-default\">\u00d6ffnungszeiten 2025<\/h2>\t\t<\/div>\n\t\t\t\t<\/div>\n\t\t\t\t<div class=\"elementor-element elementor-element-102baef elementor-widget elementor-widget-text-editor\" data-id=\"102baef\" data-element_type=\"widget\" data-widget_type=\"text-editor.default\">\n\t\t\t\t<div class=\"elementor-widget-container\">\n\t\t\t\t\t\t\t<p>Die \u00d6ffnungszeiten f\u00fcr die Saison 2026 werden zeitnah bekanntgegeben.\u00a0<\/p>\t\t\t\t\t\t<\/div>\n\t\t\t\t<\/div>\n\t\t\t\t<div class=\"elementor-element elementor-element-b7261b0 elementor-widget elementor-widget-text-editor\" data-id=\"b7261b0\" data-element_type=\"widget\" data-widget_type=\"text-editor.default\">\n\t\t\t\t<div class=\"elementor-widget-container\">\n\t\t\t\t\t\t\t<table style=\"height: 201px;\" width=\"475\">\n<tbody>\n<tr>\n<td style=\"text-align: left;\">Montag<\/td>\n<td style=\"text-align: left;\">9:00 &#8211; 18:00 Uhr<\/td>\n<\/tr>\n<tr>\n<td style=\"text-align: left;\">Dienstag<\/td>\n<td style=\"text-align: left;\">Ruhetag<\/td>\n<\/tr>\n<tr>\n<td style=\"text-align: left;\">Mittwoch9<\/td>\n<td style=\"text-align: left;\">9:00 &#8211; 18:00 Uhr<\/td>\n<\/tr>\n<tr>\n<td style=\"text-align: left;\">Donnerstag<\/td>\n<td style=\"text-align: left;\">9:00 &#8211; 18:00 Uhr<\/td>\n<\/tr>\n<tr>\n<td style=\"text-align: left;\">Freitag<\/td>\n<td style=\"text-align: left;\">9:00 &#8211; 18:00 Uhr<\/td>\n<\/tr>\n<tr>\n<td style=\"text-align: left;\">Samstag<\/td>\n<td style=\"text-align: left;\">10:00 &#8211; 19:00 Uhr<\/td>\n<\/tr>\n<tr>\n<td style=\"text-align: left;\">Sonntag<\/td>\n<td style=\"text-align: left;\">10:00 &#8211; 19:00 Uhr<\/td>\n<\/tr>\n<tr>\n<td style=\"text-align: left;\">Feiertage<\/td>\n<td style=\"text-align: left;\">10:00 &#8211; 19:00 Uhr<\/td>\n<\/tr>\n<\/tbody>\n<\/table>\t\t\t\t\t\t<\/div>\n\t\t\t\t<\/div>\n\t\t\t\t<div class=\"elementor-element elementor-element-8bf35a2 elementor-widget-divider--view-line elementor-widget elementor-widget-divider\" data-id=\"8bf35a2\" data-element_type=\"widget\" data-widget_type=\"divider.default\">\n\t\t\t\t<div class=\"elementor-widget-container\">\n\t\t\t\t\t<div class=\"elementor-divider\">\n\t\t\t<span class=\"elementor-divider-separator\">\n\t\t\t\t\t\t<\/span>\n\t\t<\/div>\n\t\t\t\t<\/div>\n\t\t\t\t<\/div>\n\t\t\t\t<div class=\"elementor-element elementor-element-0120f4d elementor-widget elementor-widget-heading\" data-id=\"0120f4d\" data-element_type=\"widget\" data-widget_type=\"heading.default\">\n\t\t\t\t<div class=\"elementor-widget-container\">\n\t\t\t<h2 class=\"elementor-heading-title elementor-size-default\">Preise 2025<\/h2>\t\t<\/div>\n\t\t\t\t<\/div>\n\t\t\t\t<div class=\"elementor-element elementor-element-9b974b3 elementor-widget elementor-widget-text-editor\" data-id=\"9b974b3\" data-element_type=\"widget\" data-widget_type=\"text-editor.default\">\n\t\t\t\t<div class=\"elementor-widget-container\">\n\t\t\t\t\t\t\t<p>Die Preise f\u00fcr die Saison 2026 werden zeitnah bekanntgegeben.\u00a0<\/p>\t\t\t\t\t\t<\/div>\n\t\t\t\t<\/div>\n\t\t\t\t<div class=\"elementor-element elementor-element-e5c1b2a elementor-widget elementor-widget-text-editor\" data-id=\"e5c1b2a\" data-element_type=\"widget\" data-widget_type=\"text-editor.default\">\n\t\t\t\t<div class=\"elementor-widget-container\">\n\t\t\t\t\t\t\t<table class=\"text-table\">\n<tbody>\n<tr>\n<td class=\"oz tag\" style=\"text-align: left;\"><b>Einzeleintritt<\/b><\/td>\n<td class=\"oz tag\"><\/td>\n<\/tr>\n<tr>\n<td class=\"oz tag\" style=\"text-align: left;\"><span style=\"color: #000000;\">Vollzahler(erwerbst\u00e4tige Erwachsene)\u00a0<\/span><\/td>\n<td class=\"oz zeit prgap\" style=\"text-align: left;\"><span style=\"color: #000000;\">4,00 \u20ac<\/span><\/td>\n<\/tr>\n<tr>\n<td class=\"oz tag\" style=\"text-align: left;\"><span style=\"color: #000000;\">Kinder und Jugendliche bis 17Jahre oder Begleitung (ohne Baden)\u00a0<\/span><\/td>\n<td class=\"oz zeit prgap\" style=\"text-align: left;\"><span style=\"color: #000000;\">1,50 \u20ac<\/span><\/td>\n<\/tr>\n<tr>\n<td class=\"oz tag\" style=\"text-align: left;\"><span style=\"color: #000000;\">erm\u00e4\u00dfigter Eintritt (Jugendliche, Sch\u00fcler, Studenten, Behinderte)\u00a0<\/span><\/td>\n<td class=\"oz zeit prgap\" style=\"text-align: left;\"><span style=\"color: #000000;\">1,50 \u20ac<\/span><\/td>\n<\/tr>\n<tr>\n<td class=\"oz tag\" style=\"text-align: left;\"><b>Dauerkartenpreise<\/b><\/td>\n<td class=\"oz tag\"><\/td>\n<\/tr>\n<tr>\n<td class=\"oz tag\" style=\"text-align: left;\">Familie \/ Partner<\/td>\n<td class=\"oz zeit prgap\" style=\"text-align: left;\">100 \u20ac<\/td>\n<\/tr>\n<tr>\n<td class=\"oz tag\" style=\"text-align: left;\">Alleinerziehende Familie<\/td>\n<td class=\"oz zeit prgap\" style=\"text-align: left;\">70 \u20ac<\/td>\n<\/tr>\n<tr>\n<td class=\"oz tag\" style=\"text-align: left;\">Erwachsene<\/td>\n<td class=\"oz zeit prgap\" style=\"text-align: left;\">65 \u20ac<\/td>\n<\/tr>\n<tr>\n<td class=\"oz tag\" style=\"text-align: left;\">Jugendliche, Sch\u00fcler, Studenten, Behinderte<\/td>\n<td class=\"oz zeit prgap\" style=\"text-align: left;\">30 \u20ac<\/td>\n<\/tr>\n<tr>\n<td class=\"oz tag\" style=\"text-align: left;\">Personenkarte f\u00fcr Club 99 Mitglieder<\/td>\n<td class=\"oz zeit prgap\" style=\"text-align: left;\">15 \u20ac<\/td>\n<\/tr>\n<tr>\n<td class=\"oz tag\" style=\"text-align: left;\"><b>Mehrfacheintritt<\/b><\/td>\n<td class=\"oz tag\"><\/td>\n<\/tr>\n<tr>\n<td class=\"oz tag\" style=\"text-align: left;\"><span style=\"color: #000000;\">10er Karte f\u00fcr Personen ab 18 Jahre\u00a0<\/span><\/td>\n<td class=\"oz zeit prgap\" style=\"text-align: left;\"><span style=\"color: #000000;\">35 \u20ac<\/span><\/td>\n<\/tr>\n<tr>\n<td class=\"oz tag\" style=\"text-align: left;\"><span style=\"color: #000000;\">10er Karte f\u00fcr Personen bis 17 Jahre<\/span><\/td>\n<td class=\"oz zeit prgap\" style=\"text-align: left;\"><span style=\"color: #000000;\">12 \u20ac<\/span><\/td>\n<\/tr>\n<\/tbody>\n<\/table>\t\t\t\t\t\t<\/div>\n\t\t\t\t<\/div>\n\t\t\t\t\t<\/div>\n\t\t<\/div>\n\t\t\t\t\t<\/div>\n\t\t<\/section>\n\t\t\t\t<section class=\"elementor-section elementor-top-section elementor-element elementor-element-f005a4a elementor-section-boxed elementor-section-height-default elementor-section-height-default\" data-id=\"f005a4a\" data-element_type=\"section\">\n\t\t\t\t\t\t<div class=\"elementor-container elementor-column-gap-default\">\n\t\t\t\t\t<div class=\"elementor-column elementor-col-100 elementor-top-column elementor-element elementor-element-049c013\" data-id=\"049c013\" data-element_type=\"column\">\n\t\t\t<div class=\"elementor-widget-wrap elementor-element-populated\">\n\t\t\t\t\t\t<div class=\"elementor-element elementor-element-58529c2 elementor-widget-divider--view-line elementor-widget elementor-widget-divider\" data-id=\"58529c2\" data-element_type=\"widget\" data-widget_type=\"divider.default\">\n\t\t\t\t<div class=\"elementor-widget-container\">\n\t\t\t\t\t<div class=\"elementor-divider\">\n\t\t\t<span class=\"elementor-divider-separator\">\n\t\t\t\t\t\t<\/span>\n\t\t<\/div>\n\t\t\t\t<\/div>\n\t\t\t\t<\/div>\n\t\t\t\t<div class=\"elementor-element elementor-element-c908987 elementor-widget elementor-widget-heading\" data-id=\"c908987\" data-element_type=\"widget\" data-widget_type=\"heading.default\">\n\t\t\t\t<div class=\"elementor-widget-container\">\n\t\t\t<h2 class=\"elementor-heading-title elementor-size-default\">Anfahrt<\/h2>\t\t<\/div>\n\t\t\t\t<\/div>\n\t\t\t\t<div class=\"elementor-element elementor-element-d30cc73 elementor-widget elementor-widget-google_maps\" data-id=\"d30cc73\" data-element_type=\"widget\" data-widget_type=\"google_maps.default\">\n\t\t\t\t<div class=\"elementor-widget-container\">\n\t\t\t\t\t<div class=\"elementor-custom-embed\">\n\t\t\t<iframe loading=\"lazy\"\n\t\t\t\t\tsrc=\"https:\/\/maps.google.com\/maps?q=Freibad%20JEsteburg&#038;t=m&#038;z=12&#038;output=embed&#038;iwloc=near\"\n\t\t\t\t\ttitle=\"Freibad JEsteburg\"\n\t\t\t\t\taria-label=\"Freibad JEsteburg\"\n\t\t\t><\/iframe>\n\t\t<\/div>\n\t\t\t\t<\/div>\n\t\t\t\t<\/div>\n\t\t\t\t\t<\/div>\n\t\t<\/div>\n\t\t\t\t\t<\/div>\n\t\t<\/section>\n\t\t\t\t<\/div>\n\t\t","protected":false},"excerpt":{"rendered":"<p>\u00d6ffnungszeiten 2025 Die \u00d6ffnungszeiten f\u00fcr die Saison 2026 werden zeitnah bekanntgegeben.\u00a0 Montag 9:00 &#8211; 18:00 Uhr Dienstag Ruhetag Mittwoch9 9:00 &#8211; 18:00 [&hellip;]<\/p>\n","protected":false},"author":3,"featured_media":0,"parent":0,"menu_order":0,"comment_status":"closed","ping_status":"closed","template":"","meta":{"inline_featured_image":false,"footnotes":""},"class_list":["post-2427","page","type-page","status-publish","hentry"],"_links":{"self":[{"href":"https:\/\/www.freibad-jesteburg.de\/index.php?rest_route=\/wp\/v2\/pages\/2427"}],"collection":[{"href":"https:\/\/www.freibad-jesteburg.de\/index.php?rest_route=\/wp\/v2\/pages"}],"about":[{"href":"https:\/\/www.freibad-jesteburg.de\/index.php?rest_route=\/wp\/v2\/types\/page"}],"author":[{"embeddable":true,"href":"https:\/\/www.freibad-jesteburg.de\/index.php?rest_route=\/wp\/v2\/users\/3"}],"replies":[{"embeddable":true,"href":"https:\/\/www.freibad-jesteburg.de\/index.php?rest_route=%2Fwp%2Fv2%2Fcomments&post=2427"}],"version-history":[{"count":13,"href":"https:\/\/www.freibad-jesteburg.de\/index.php?rest_route=\/wp\/v2\/pages\/2427\/revisions"}],"predecessor-version":[{"id":2456,"href":"https:\/\/www.freibad-jesteburg.de\/index.php?rest_route=\/wp\/v2\/pages\/2427\/revisions\/2456"}],"wp:attachment":[{"href":"https:\/\/www.freibad-jesteburg.de\/index.php?rest_route=%2Fwp%2Fv2%2Fmedia&parent=2427"}],"curies":[{"name":"wp","href":"https:\/\/api.w.org\/{rel}","templated":true}]}}