{"id":282,"date":"2020-01-20T20:32:28","date_gmt":"2020-01-20T19:32:28","guid":{"rendered":"https:\/\/relaunch.freibad-jesteburg.de\/?page_id=282"},"modified":"2026-04-12T13:04:17","modified_gmt":"2026-04-12T12:04:17","slug":"der-vorstand","status":"publish","type":"page","link":"https:\/\/www.freibad-jesteburg.de\/?page_id=282","title":{"rendered":"Der Vorstand"},"content":{"rendered":"\t\t<div data-elementor-type=\"wp-page\" data-elementor-id=\"282\" class=\"elementor elementor-282\">\n\t\t\t\t\t\t<section class=\"elementor-section elementor-top-section elementor-element elementor-element-a40addf elementor-section-boxed elementor-section-height-default elementor-section-height-default\" data-id=\"a40addf\" data-element_type=\"section\">\n\t\t\t\t\t\t<div class=\"elementor-container elementor-column-gap-default\">\n\t\t\t\t\t<div class=\"elementor-column elementor-col-100 elementor-top-column elementor-element elementor-element-3ba797c\" data-id=\"3ba797c\" data-element_type=\"column\">\n\t\t\t<div class=\"elementor-widget-wrap elementor-element-populated\">\n\t\t\t\t\t\t<div class=\"elementor-element elementor-element-f4f240d elementor-widget elementor-widget-heading\" data-id=\"f4f240d\" data-element_type=\"widget\" data-widget_type=\"heading.default\">\n\t\t\t\t<div class=\"elementor-widget-container\">\n\t\t\t<h2 class=\"elementor-heading-title elementor-size-default\">Der Verein<\/h2>\t\t<\/div>\n\t\t\t\t<\/div>\n\t\t\t\t\t<\/div>\n\t\t<\/div>\n\t\t\t\t\t<\/div>\n\t\t<\/section>\n\t\t\t\t<section class=\"elementor-section elementor-top-section elementor-element elementor-element-89cba48 elementor-section-boxed elementor-section-height-default elementor-section-height-default\" data-id=\"89cba48\" data-element_type=\"section\">\n\t\t\t\t\t\t<div class=\"elementor-container elementor-column-gap-default\">\n\t\t\t\t\t<div class=\"elementor-column elementor-col-100 elementor-top-column elementor-element elementor-element-7cc4460\" data-id=\"7cc4460\" data-element_type=\"column\">\n\t\t\t<div class=\"elementor-widget-wrap elementor-element-populated\">\n\t\t\t\t\t\t<div class=\"elementor-element elementor-element-28a9ddb elementor-widget elementor-widget-text-editor\" data-id=\"28a9ddb\" data-element_type=\"widget\" data-widget_type=\"text-editor.default\">\n\t\t\t\t<div class=\"elementor-widget-container\">\n\t\t\t\t\t\t\t<p>Unser Freibad Jesteburg e.V. unterst\u00fctzt die Gemeinde Jesteburg nach Kr\u00e4ften bei der F\u00f6rderung des Freibads Jesteburg. Weitere Vereinsziele sind die F\u00f6rderung der \u00f6ffentlichen Gesundheitsf\u00fcrsorge und des Sports sowie die Unterst\u00fctzung bei der Erhaltung und Versch\u00f6nerung des Freibads und der dadurch gegebenen langfristigen Sicherung des Bade- und Sportbetriebes. Unser Freibad Jesteburg e.V. hat aktuell (Stand 12. Oktober 2024) 804 Mitglieder. Mehr als 100 aktive Mitglieder helfen jedes Jahr ehrenamtlich bei der Saisonvorbereitung mit, pflegen die Rabatten und reinigen die Schwimmbecken. Durch zahlreiche Instandhaltungsarbeiten und Neuanschaffungen leistet der Verein Jahr f\u00fcr Jahr einen wesentlichen Beitrag, das Freibad Jesteburg attraktiv zu halten und weiter zu versch\u00f6nern. Die j\u00e4hrliche gro\u00dfe Er\u00f6ffnungsfeier wird durch den Verein organisiert und durchgef\u00fchrt.<\/p><p>Unser Freibad Jesteburg e.V. wird durch den Vorstand vertreten:<\/p>\t\t\t\t\t\t<\/div>\n\t\t\t\t<\/div>\n\t\t\t\t\t<\/div>\n\t\t<\/div>\n\t\t\t\t\t<\/div>\n\t\t<\/section>\n\t\t\t\t<section class=\"elementor-section elementor-top-section elementor-element elementor-element-90f891d elementor-section-boxed elementor-section-height-default elementor-section-height-default\" data-id=\"90f891d\" data-element_type=\"section\">\n\t\t\t\t\t\t<div class=\"elementor-container elementor-column-gap-default\">\n\t\t\t\t\t<div class=\"elementor-column elementor-col-100 elementor-top-column elementor-element elementor-element-133b4e2\" data-id=\"133b4e2\" data-element_type=\"column\">\n\t\t\t<div class=\"elementor-widget-wrap elementor-element-populated\">\n\t\t\t\t\t\t<div class=\"elementor-element elementor-element-9c9ee0c elementor-widget elementor-widget-text-editor\" data-id=\"9c9ee0c\" data-element_type=\"widget\" data-widget_type=\"text-editor.default\">\n\t\t\t\t<div class=\"elementor-widget-container\">\n\t\t\t\t\t\t\t<ul><li>Maren Warnecke<\/li><li>Ute Froede\u00a0<\/li><li>Gerti Lindow-Vogler<\/li><li>Elisabeth Schoppmann<\/li><\/ul>\t\t\t\t\t\t<\/div>\n\t\t\t\t<\/div>\n\t\t\t\t<div class=\"elementor-element elementor-element-64fde85 elementor-widget elementor-widget-text-editor\" data-id=\"64fde85\" data-element_type=\"widget\" data-widget_type=\"text-editor.default\">\n\t\t\t\t<div class=\"elementor-widget-container\">\n\t\t\t\t\t\t\t<p>Beisitzer:\u00a0<\/p><ul><li>Henning Buss<\/li><li>Karolin Podewitz<\/li><\/ul>\t\t\t\t\t\t<\/div>\n\t\t\t\t<\/div>\n\t\t\t\t<div class=\"elementor-element elementor-element-f5c454c elementor-widget elementor-widget-image-gallery\" data-id=\"f5c454c\" data-element_type=\"widget\" data-widget_type=\"image-gallery.default\">\n\t\t\t\t<div class=\"elementor-widget-container\">\n\t\t\t\t\t<div class=\"elementor-image-gallery\">\n\t\t\t<div id='gallery-1' class='gallery galleryid-282 gallery-columns-4 gallery-size-thumbnail'><figure class='gallery-item'>\n\t\t\t<div class='gallery-icon landscape'>\n\t\t\t\t<a data-elementor-open-lightbox=\"yes\" data-elementor-lightbox-slideshow=\"f5c454c\" data-elementor-lightbox-title=\"3\" data-e-action-hash=\"#elementor-action%3Aaction%3Dlightbox%26settings%3DeyJpZCI6MjU2MSwidXJsIjoiaHR0cHM6XC9cL3d3dy5mcmVpYmFkLWplc3RlYnVyZy5kZVwvd3AtY29udGVudFwvdXBsb2Fkc1wvMjAyNlwvMDRcLzMuanBnIiwic2xpZGVzaG93IjoiZjVjNDU0YyJ9\" href='https:\/\/www.freibad-jesteburg.de\/wp-content\/uploads\/2026\/04\/3.jpg'><img decoding=\"async\" width=\"150\" height=\"150\" src=\"https:\/\/www.freibad-jesteburg.de\/wp-content\/uploads\/2026\/04\/3-150x150.jpg\" class=\"attachment-thumbnail size-thumbnail\" alt=\"\" aria-describedby=\"gallery-1-2561\" srcset=\"https:\/\/www.freibad-jesteburg.de\/wp-content\/uploads\/2026\/04\/3-150x150.jpg 150w, https:\/\/www.freibad-jesteburg.de\/wp-content\/uploads\/2026\/04\/3-300x300.jpg 300w, https:\/\/www.freibad-jesteburg.de\/wp-content\/uploads\/2026\/04\/3-1024x1024.jpg 1024w, https:\/\/www.freibad-jesteburg.de\/wp-content\/uploads\/2026\/04\/3-768x768.jpg 768w, https:\/\/www.freibad-jesteburg.de\/wp-content\/uploads\/2026\/04\/3-1536x1536.jpg 1536w, https:\/\/www.freibad-jesteburg.de\/wp-content\/uploads\/2026\/04\/3-1000x1000.jpg 1000w, https:\/\/www.freibad-jesteburg.de\/wp-content\/uploads\/2026\/04\/3-230x230.jpg 230w, https:\/\/www.freibad-jesteburg.de\/wp-content\/uploads\/2026\/04\/3-350x350.jpg 350w, https:\/\/www.freibad-jesteburg.de\/wp-content\/uploads\/2026\/04\/3-480x480.jpg 480w, https:\/\/www.freibad-jesteburg.de\/wp-content\/uploads\/2026\/04\/3.jpg 1587w\" sizes=\"(max-width: 150px) 100vw, 150px\" loading=\"lazy\" \/><\/a>\n\t\t\t<\/div>\n\t\t\t\t<figcaption class='wp-caption-text gallery-caption' id='gallery-1-2561'>\n\t\t\t\tMaren Warnecke\n\t\t\t\t<\/figcaption><\/figure><figure class='gallery-item'>\n\t\t\t<div class='gallery-icon landscape'>\n\t\t\t\t<a data-elementor-open-lightbox=\"yes\" data-elementor-lightbox-slideshow=\"f5c454c\" data-elementor-lightbox-title=\"2\" data-e-action-hash=\"#elementor-action%3Aaction%3Dlightbox%26settings%3DeyJpZCI6MjU2MCwidXJsIjoiaHR0cHM6XC9cL3d3dy5mcmVpYmFkLWplc3RlYnVyZy5kZVwvd3AtY29udGVudFwvdXBsb2Fkc1wvMjAyNlwvMDRcLzIuanBnIiwic2xpZGVzaG93IjoiZjVjNDU0YyJ9\" href='https:\/\/www.freibad-jesteburg.de\/wp-content\/uploads\/2026\/04\/2.jpg'><img decoding=\"async\" width=\"150\" height=\"150\" src=\"https:\/\/www.freibad-jesteburg.de\/wp-content\/uploads\/2026\/04\/2-150x150.jpg\" class=\"attachment-thumbnail size-thumbnail\" alt=\"\" aria-describedby=\"gallery-1-2560\" srcset=\"https:\/\/www.freibad-jesteburg.de\/wp-content\/uploads\/2026\/04\/2-150x150.jpg 150w, https:\/\/www.freibad-jesteburg.de\/wp-content\/uploads\/2026\/04\/2-300x300.jpg 300w, https:\/\/www.freibad-jesteburg.de\/wp-content\/uploads\/2026\/04\/2-1024x1024.jpg 1024w, https:\/\/www.freibad-jesteburg.de\/wp-content\/uploads\/2026\/04\/2-768x768.jpg 768w, https:\/\/www.freibad-jesteburg.de\/wp-content\/uploads\/2026\/04\/2-1536x1536.jpg 1536w, https:\/\/www.freibad-jesteburg.de\/wp-content\/uploads\/2026\/04\/2-1000x1000.jpg 1000w, https:\/\/www.freibad-jesteburg.de\/wp-content\/uploads\/2026\/04\/2-230x230.jpg 230w, https:\/\/www.freibad-jesteburg.de\/wp-content\/uploads\/2026\/04\/2-350x350.jpg 350w, https:\/\/www.freibad-jesteburg.de\/wp-content\/uploads\/2026\/04\/2-480x480.jpg 480w, https:\/\/www.freibad-jesteburg.de\/wp-content\/uploads\/2026\/04\/2.jpg 1587w\" sizes=\"(max-width: 150px) 100vw, 150px\" loading=\"lazy\" \/><\/a>\n\t\t\t<\/div>\n\t\t\t\t<figcaption class='wp-caption-text gallery-caption' id='gallery-1-2560'>\n\t\t\t\tUte Froede\n\t\t\t\t<\/figcaption><\/figure><figure class='gallery-item'>\n\t\t\t<div class='gallery-icon landscape'>\n\t\t\t\t<a data-elementor-open-lightbox=\"yes\" data-elementor-lightbox-slideshow=\"f5c454c\" data-elementor-lightbox-title=\"1\" data-e-action-hash=\"#elementor-action%3Aaction%3Dlightbox%26settings%3DeyJpZCI6MjU1OSwidXJsIjoiaHR0cHM6XC9cL3d3dy5mcmVpYmFkLWplc3RlYnVyZy5kZVwvd3AtY29udGVudFwvdXBsb2Fkc1wvMjAyNlwvMDRcLzEuanBnIiwic2xpZGVzaG93IjoiZjVjNDU0YyJ9\" href='https:\/\/www.freibad-jesteburg.de\/wp-content\/uploads\/2026\/04\/1.jpg'><img decoding=\"async\" width=\"150\" height=\"150\" src=\"https:\/\/www.freibad-jesteburg.de\/wp-content\/uploads\/2026\/04\/1-150x150.jpg\" class=\"attachment-thumbnail size-thumbnail\" alt=\"\" aria-describedby=\"gallery-1-2559\" srcset=\"https:\/\/www.freibad-jesteburg.de\/wp-content\/uploads\/2026\/04\/1-150x150.jpg 150w, https:\/\/www.freibad-jesteburg.de\/wp-content\/uploads\/2026\/04\/1-300x300.jpg 300w, https:\/\/www.freibad-jesteburg.de\/wp-content\/uploads\/2026\/04\/1-1024x1024.jpg 1024w, https:\/\/www.freibad-jesteburg.de\/wp-content\/uploads\/2026\/04\/1-768x768.jpg 768w, https:\/\/www.freibad-jesteburg.de\/wp-content\/uploads\/2026\/04\/1-1536x1536.jpg 1536w, https:\/\/www.freibad-jesteburg.de\/wp-content\/uploads\/2026\/04\/1-1000x1000.jpg 1000w, https:\/\/www.freibad-jesteburg.de\/wp-content\/uploads\/2026\/04\/1-230x230.jpg 230w, https:\/\/www.freibad-jesteburg.de\/wp-content\/uploads\/2026\/04\/1-350x350.jpg 350w, https:\/\/www.freibad-jesteburg.de\/wp-content\/uploads\/2026\/04\/1-480x480.jpg 480w, https:\/\/www.freibad-jesteburg.de\/wp-content\/uploads\/2026\/04\/1.jpg 1587w\" sizes=\"(max-width: 150px) 100vw, 150px\" loading=\"lazy\" \/><\/a>\n\t\t\t<\/div>\n\t\t\t\t<figcaption class='wp-caption-text gallery-caption' id='gallery-1-2559'>\n\t\t\t\tGerti Lindow-Vogler\n\t\t\t\t<\/figcaption><\/figure>\n\t\t<\/div>\n\t\t<\/div>\n\t\t\t\t<\/div>\n\t\t\t\t<\/div>\n\t\t\t\t\t<\/div>\n\t\t<\/div>\n\t\t\t\t\t<\/div>\n\t\t<\/section>\n\t\t\t\t<section class=\"elementor-section elementor-top-section elementor-element elementor-element-7b816d0 elementor-section-boxed elementor-section-height-default elementor-section-height-default\" data-id=\"7b816d0\" data-element_type=\"section\">\n\t\t\t\t\t\t<div class=\"elementor-container elementor-column-gap-default\">\n\t\t\t\t\t<div class=\"elementor-column elementor-col-100 elementor-top-column elementor-element elementor-element-07132a2\" data-id=\"07132a2\" data-element_type=\"column\">\n\t\t\t<div class=\"elementor-widget-wrap elementor-element-populated\">\n\t\t\t\t\t\t<div class=\"elementor-element elementor-element-d7d8027 elementor-widget elementor-widget-image-gallery\" data-id=\"d7d8027\" data-element_type=\"widget\" data-widget_type=\"image-gallery.default\">\n\t\t\t\t<div class=\"elementor-widget-container\">\n\t\t\t\t\t<div class=\"elementor-image-gallery\">\n\t\t\t<div id='gallery-2' class='gallery galleryid-282 gallery-columns-4 gallery-size-thumbnail'><figure class='gallery-item'>\n\t\t\t<div class='gallery-icon landscape'>\n\t\t\t\t<a data-elementor-open-lightbox=\"yes\" data-elementor-lightbox-slideshow=\"d7d8027\" data-elementor-lightbox-title=\"HB\" data-e-action-hash=\"#elementor-action%3Aaction%3Dlightbox%26settings%3DeyJpZCI6MTUzNiwidXJsIjoiaHR0cHM6XC9cL3d3dy5mcmVpYmFkLWplc3RlYnVyZy5kZVwvd3AtY29udGVudFwvdXBsb2Fkc1wvMjAyMlwvMTFcL0hCLmpwZyIsInNsaWRlc2hvdyI6ImQ3ZDgwMjcifQ%3D%3D\" href='https:\/\/www.freibad-jesteburg.de\/wp-content\/uploads\/2022\/11\/HB.jpg'><img loading=\"lazy\" decoding=\"async\" width=\"150\" height=\"150\" src=\"https:\/\/www.freibad-jesteburg.de\/wp-content\/uploads\/2022\/11\/HB-150x150.jpg\" class=\"attachment-thumbnail size-thumbnail\" alt=\"\" aria-describedby=\"gallery-2-1536\" srcset=\"https:\/\/www.freibad-jesteburg.de\/wp-content\/uploads\/2022\/11\/HB-150x150.jpg 150w, https:\/\/www.freibad-jesteburg.de\/wp-content\/uploads\/2022\/11\/HB-300x300.jpg 300w, https:\/\/www.freibad-jesteburg.de\/wp-content\/uploads\/2022\/11\/HB-1024x1024.jpg 1024w, https:\/\/www.freibad-jesteburg.de\/wp-content\/uploads\/2022\/11\/HB-768x768.jpg 768w, https:\/\/www.freibad-jesteburg.de\/wp-content\/uploads\/2022\/11\/HB-1536x1536.jpg 1536w, https:\/\/www.freibad-jesteburg.de\/wp-content\/uploads\/2022\/11\/HB-1000x1000.jpg 1000w, https:\/\/www.freibad-jesteburg.de\/wp-content\/uploads\/2022\/11\/HB-230x230.jpg 230w, https:\/\/www.freibad-jesteburg.de\/wp-content\/uploads\/2022\/11\/HB-350x350.jpg 350w, https:\/\/www.freibad-jesteburg.de\/wp-content\/uploads\/2022\/11\/HB-480x480.jpg 480w, https:\/\/www.freibad-jesteburg.de\/wp-content\/uploads\/2022\/11\/HB.jpg 1587w\" sizes=\"(max-width: 150px) 100vw, 150px\" \/><\/a>\n\t\t\t<\/div>\n\t\t\t\t<figcaption class='wp-caption-text gallery-caption' id='gallery-2-1536'>\n\t\t\t\tHenning Buss (Beisitzer)\n\t\t\t\t<\/figcaption><\/figure><figure class='gallery-item'>\n\t\t\t<div class='gallery-icon landscape'>\n\t\t\t\t<a data-elementor-open-lightbox=\"yes\" data-elementor-lightbox-slideshow=\"d7d8027\" data-elementor-lightbox-title=\"4\" data-e-action-hash=\"#elementor-action%3Aaction%3Dlightbox%26settings%3DeyJpZCI6MjU2MiwidXJsIjoiaHR0cHM6XC9cL3d3dy5mcmVpYmFkLWplc3RlYnVyZy5kZVwvd3AtY29udGVudFwvdXBsb2Fkc1wvMjAyNlwvMDRcLzQuanBnIiwic2xpZGVzaG93IjoiZDdkODAyNyJ9\" href='https:\/\/www.freibad-jesteburg.de\/wp-content\/uploads\/2026\/04\/4.jpg'><img loading=\"lazy\" decoding=\"async\" width=\"150\" height=\"150\" src=\"https:\/\/www.freibad-jesteburg.de\/wp-content\/uploads\/2026\/04\/4-150x150.jpg\" class=\"attachment-thumbnail size-thumbnail\" alt=\"\" aria-describedby=\"gallery-2-2562\" srcset=\"https:\/\/www.freibad-jesteburg.de\/wp-content\/uploads\/2026\/04\/4-150x150.jpg 150w, https:\/\/www.freibad-jesteburg.de\/wp-content\/uploads\/2026\/04\/4-300x300.jpg 300w, https:\/\/www.freibad-jesteburg.de\/wp-content\/uploads\/2026\/04\/4-1024x1024.jpg 1024w, https:\/\/www.freibad-jesteburg.de\/wp-content\/uploads\/2026\/04\/4-768x768.jpg 768w, https:\/\/www.freibad-jesteburg.de\/wp-content\/uploads\/2026\/04\/4-1536x1536.jpg 1536w, https:\/\/www.freibad-jesteburg.de\/wp-content\/uploads\/2026\/04\/4-1000x1000.jpg 1000w, https:\/\/www.freibad-jesteburg.de\/wp-content\/uploads\/2026\/04\/4-230x230.jpg 230w, https:\/\/www.freibad-jesteburg.de\/wp-content\/uploads\/2026\/04\/4-350x350.jpg 350w, https:\/\/www.freibad-jesteburg.de\/wp-content\/uploads\/2026\/04\/4-480x480.jpg 480w, https:\/\/www.freibad-jesteburg.de\/wp-content\/uploads\/2026\/04\/4.jpg 1587w\" sizes=\"(max-width: 150px) 100vw, 150px\" \/><\/a>\n\t\t\t<\/div>\n\t\t\t\t<figcaption class='wp-caption-text gallery-caption' id='gallery-2-2562'>\n\t\t\t\tKarolin Podewitz (Beisitzerin)\n\t\t\t\t<\/figcaption><\/figure>\n\t\t<\/div>\n\t\t<\/div>\n\t\t\t\t<\/div>\n\t\t\t\t<\/div>\n\t\t\t\t\t<\/div>\n\t\t<\/div>\n\t\t\t\t\t<\/div>\n\t\t<\/section>\n\t\t\t\t<section class=\"elementor-section elementor-top-section elementor-element elementor-element-6093726 elementor-section-boxed elementor-section-height-default elementor-section-height-default\" data-id=\"6093726\" data-element_type=\"section\">\n\t\t\t\t\t\t<div class=\"elementor-container elementor-column-gap-default\">\n\t\t\t\t\t<div class=\"elementor-column elementor-col-100 elementor-top-column elementor-element elementor-element-5f2d162\" data-id=\"5f2d162\" data-element_type=\"column\">\n\t\t\t<div class=\"elementor-widget-wrap\">\n\t\t\t\t\t\t\t<\/div>\n\t\t<\/div>\n\t\t\t\t\t<\/div>\n\t\t<\/section>\n\t\t\t\t<section class=\"elementor-section elementor-top-section elementor-element elementor-element-959a620 elementor-section-boxed elementor-section-height-default elementor-section-height-default\" data-id=\"959a620\" data-element_type=\"section\">\n\t\t\t\t\t\t<div class=\"elementor-container elementor-column-gap-default\">\n\t\t\t\t\t<div class=\"elementor-column elementor-col-100 elementor-top-column elementor-element elementor-element-9250f09\" data-id=\"9250f09\" data-element_type=\"column\">\n\t\t\t<div class=\"elementor-widget-wrap elementor-element-populated\">\n\t\t\t\t\t\t<div class=\"elementor-element elementor-element-6e671ed elementor-widget elementor-widget-text-editor\" data-id=\"6e671ed\" data-element_type=\"widget\" data-widget_type=\"text-editor.default\">\n\t\t\t\t<div class=\"elementor-widget-container\">\n\t\t\t\t\t\t\t<p>Die Satzung k\u00f6nnen Sie hier downloaden.<\/p>\t\t\t\t\t\t<\/div>\n\t\t\t\t<\/div>\n\t\t\t\t<div class=\"elementor-element elementor-element-0de5aae elementor-widget elementor-widget-button\" data-id=\"0de5aae\" data-element_type=\"widget\" data-widget_type=\"button.default\">\n\t\t\t\t<div class=\"elementor-widget-container\">\n\t\t\t\t\t<div class=\"elementor-button-wrapper\">\n\t\t\t<a class=\"elementor-button elementor-button-link elementor-size-sm\" href=\"https:\/\/www.freibad-jesteburg.de\/wp-content\/uploads\/2022\/09\/Satzung_Foerdervereins_UNSER_-Freibad_-Jesteburg_2020_klar.pdf\" target=\"_blank\">\n\t\t\t\t\t\t<span class=\"elementor-button-content-wrapper\">\n\t\t\t\t\t\t\t\t\t<span class=\"elementor-button-text\">Download<\/span>\n\t\t\t\t\t<\/span>\n\t\t\t\t\t<\/a>\n\t\t<\/div>\n\t\t\t\t<\/div>\n\t\t\t\t<\/div>\n\t\t\t\t\t<\/div>\n\t\t<\/div>\n\t\t\t\t\t<\/div>\n\t\t<\/section>\n\t\t\t\t<\/div>\n\t\t","protected":false},"excerpt":{"rendered":"<p>Der Verein Unser Freibad Jesteburg e.V. unterst\u00fctzt die Gemeinde Jesteburg nach Kr\u00e4ften bei der F\u00f6rderung des Freibads Jesteburg. Weitere Vereinsziele sind die [&hellip;]<\/p>\n","protected":false},"author":1,"featured_media":0,"parent":0,"menu_order":0,"comment_status":"closed","ping_status":"closed","template":"elementor_header_footer","meta":{"inline_featured_image":false,"footnotes":""},"class_list":["post-282","page","type-page","status-publish","hentry"],"_links":{"self":[{"href":"https:\/\/www.freibad-jesteburg.de\/index.php?rest_route=\/wp\/v2\/pages\/282"}],"collection":[{"href":"https:\/\/www.freibad-jesteburg.de\/index.php?rest_route=\/wp\/v2\/pages"}],"about":[{"href":"https:\/\/www.freibad-jesteburg.de\/index.php?rest_route=\/wp\/v2\/types\/page"}],"author":[{"embeddable":true,"href":"https:\/\/www.freibad-jesteburg.de\/index.php?rest_route=\/wp\/v2\/users\/1"}],"replies":[{"embeddable":true,"href":"https:\/\/www.freibad-jesteburg.de\/index.php?rest_route=%2Fwp%2Fv2%2Fcomments&post=282"}],"version-history":[{"count":86,"href":"https:\/\/www.freibad-jesteburg.de\/index.php?rest_route=\/wp\/v2\/pages\/282\/revisions"}],"predecessor-version":[{"id":2565,"href":"https:\/\/www.freibad-jesteburg.de\/index.php?rest_route=\/wp\/v2\/pages\/282\/revisions\/2565"}],"wp:attachment":[{"href":"https:\/\/www.freibad-jesteburg.de\/index.php?rest_route=%2Fwp%2Fv2%2Fmedia&parent=282"}],"curies":[{"name":"wp","href":"https:\/\/api.w.org\/{rel}","templated":true}]}}