{"id":299,"date":"2020-01-20T20:53:48","date_gmt":"2020-01-20T19:53:48","guid":{"rendered":"https:\/\/relaunch.freibad-jesteburg.de\/?page_id=299"},"modified":"2026-04-09T18:52:02","modified_gmt":"2026-04-09T17:52:02","slug":"mitglied-werden","status":"publish","type":"page","link":"https:\/\/www.freibad-jesteburg.de\/?page_id=299","title":{"rendered":"Mitglied werden"},"content":{"rendered":"\t\t<div data-elementor-type=\"wp-page\" data-elementor-id=\"299\" class=\"elementor elementor-299\">\n\t\t\t\t\t\t<section class=\"elementor-section elementor-top-section elementor-element elementor-element-1a35244 elementor-section-boxed elementor-section-height-default elementor-section-height-default\" data-id=\"1a35244\" data-element_type=\"section\">\n\t\t\t\t\t\t<div class=\"elementor-container elementor-column-gap-default\">\n\t\t\t\t\t<div class=\"elementor-column elementor-col-100 elementor-top-column elementor-element elementor-element-b73358c\" data-id=\"b73358c\" data-element_type=\"column\">\n\t\t\t<div class=\"elementor-widget-wrap elementor-element-populated\">\n\t\t\t\t\t\t<div class=\"elementor-element elementor-element-170cb97 elementor-widget elementor-widget-heading\" data-id=\"170cb97\" data-element_type=\"widget\" data-widget_type=\"heading.default\">\n\t\t\t\t<div class=\"elementor-widget-container\">\n\t\t\t<h2 class=\"elementor-heading-title elementor-size-default\">Mitglied werden<\/h2>\t\t<\/div>\n\t\t\t\t<\/div>\n\t\t\t\t\t<\/div>\n\t\t<\/div>\n\t\t\t\t\t<\/div>\n\t\t<\/section>\n\t\t\t\t<section class=\"elementor-section elementor-top-section elementor-element elementor-element-30bd932 elementor-section-boxed elementor-section-height-default elementor-section-height-default\" data-id=\"30bd932\" data-element_type=\"section\">\n\t\t\t\t\t\t<div class=\"elementor-container elementor-column-gap-default\">\n\t\t\t\t\t<div class=\"elementor-column elementor-col-100 elementor-top-column elementor-element elementor-element-085e5a5\" data-id=\"085e5a5\" data-element_type=\"column\">\n\t\t\t<div class=\"elementor-widget-wrap elementor-element-populated\">\n\t\t\t\t\t\t<div class=\"elementor-element elementor-element-10b59c5 elementor-widget elementor-widget-text-editor\" data-id=\"10b59c5\" data-element_type=\"widget\" data-widget_type=\"text-editor.default\">\n\t\t\t\t<div class=\"elementor-widget-container\">\n\t\t\t\t\t\t\t<p>Tragen auch Sie dazu bei, unser Freibad langfristig zu erhalten. Der Jahresbeitrag f\u00fcr einen Erwachsenen betr\u00e4gt nur 10 \u20ac !!! Kinder und Jugendliche bis zum 18. Lebensjahr sind beitragsfrei. Sie sind durch Ihre Mitgliedschaft zu nichts verpflichtet, Ihre freiwillige Unterst\u00fctzung ist jedoch herzlich willkommen. Wir freuen uns \u00fcber Ihre Anregungen, Ideen und W\u00fcnsche.<\/p>\n<p>Ihr Mitgliedsantrag steht hier zum download im PDF-Format zur Verf\u00fcgung. Ausgef\u00fcllte Antr\u00e4ge k\u00f6nnen Sie w\u00e4hrend der Saison im Freibad abgeben oder an unsere Gesch\u00e4ftsstelle Unser Freibad Jesteburg e.V., Roybergschneise 12, 21266 Jesteburg schicken.<\/p>\n<p><strong>Noch einfacher geht es so: ausgef\u00fcllten Antrag scannen oder fotografieren und per E-Mail an mitglied@freibad-jesteburg.de senden.<\/strong><\/p>\t\t\t\t\t\t<\/div>\n\t\t\t\t<\/div>\n\t\t\t\t\t<\/div>\n\t\t<\/div>\n\t\t\t\t\t<\/div>\n\t\t<\/section>\n\t\t\t\t<section class=\"elementor-section elementor-top-section elementor-element elementor-element-e8c343e elementor-section-boxed elementor-section-height-default elementor-section-height-default\" data-id=\"e8c343e\" data-element_type=\"section\">\n\t\t\t\t\t\t<div class=\"elementor-container elementor-column-gap-default\">\n\t\t\t\t\t<div class=\"elementor-column elementor-col-100 elementor-top-column elementor-element elementor-element-d5b90c6\" data-id=\"d5b90c6\" data-element_type=\"column\">\n\t\t\t<div class=\"elementor-widget-wrap elementor-element-populated\">\n\t\t\t\t\t\t<div class=\"elementor-element elementor-element-7fda8a4 elementor-widget elementor-widget-button\" data-id=\"7fda8a4\" data-element_type=\"widget\" data-widget_type=\"button.default\">\n\t\t\t\t<div class=\"elementor-widget-container\">\n\t\t\t\t\t<div class=\"elementor-button-wrapper\">\n\t\t\t<a class=\"elementor-button elementor-button-link elementor-size-sm\" href=\"https:\/\/www.freibad-jesteburg.de\/wp-content\/uploads\/2026\/04\/2026_Mitgliedantrag_Unser-Freibad-Jesteburg.pdf\" target=\"_blank\">\n\t\t\t\t\t\t<span class=\"elementor-button-content-wrapper\">\n\t\t\t\t\t\t\t\t\t<span class=\"elementor-button-text\">Mitgliedsantrag<\/span>\n\t\t\t\t\t<\/span>\n\t\t\t\t\t<\/a>\n\t\t<\/div>\n\t\t\t\t<\/div>\n\t\t\t\t<\/div>\n\t\t\t\t\t<\/div>\n\t\t<\/div>\n\t\t\t\t\t<\/div>\n\t\t<\/section>\n\t\t\t\t<section class=\"elementor-section elementor-top-section elementor-element elementor-element-5c85cb2 elementor-section-boxed elementor-section-height-default elementor-section-height-default\" data-id=\"5c85cb2\" data-element_type=\"section\">\n\t\t\t\t\t\t<div class=\"elementor-container elementor-column-gap-default\">\n\t\t\t\t\t<div class=\"elementor-column elementor-col-100 elementor-top-column elementor-element elementor-element-63f5a48\" data-id=\"63f5a48\" data-element_type=\"column\">\n\t\t\t<div class=\"elementor-widget-wrap elementor-element-populated\">\n\t\t\t\t\t\t<div class=\"elementor-element elementor-element-7c46d88 elementor-widget elementor-widget-text-editor\" data-id=\"7c46d88\" data-element_type=\"widget\" data-widget_type=\"text-editor.default\">\n\t\t\t\t<div class=\"elementor-widget-container\">\n\t\t\t\t\t\t\t<p>SEPA Information f\u00fcr Mitglieder<\/p>\t\t\t\t\t\t<\/div>\n\t\t\t\t<\/div>\n\t\t\t\t\t<\/div>\n\t\t<\/div>\n\t\t\t\t\t<\/div>\n\t\t<\/section>\n\t\t\t\t<section class=\"elementor-section elementor-top-section elementor-element elementor-element-2b9dc46 elementor-section-boxed elementor-section-height-default elementor-section-height-default\" data-id=\"2b9dc46\" data-element_type=\"section\">\n\t\t\t\t\t\t<div class=\"elementor-container elementor-column-gap-default\">\n\t\t\t\t\t<div class=\"elementor-column elementor-col-100 elementor-top-column elementor-element elementor-element-2b0b52f\" data-id=\"2b0b52f\" data-element_type=\"column\">\n\t\t\t<div class=\"elementor-widget-wrap elementor-element-populated\">\n\t\t\t\t\t\t<div class=\"elementor-element elementor-element-1a1822a elementor-widget elementor-widget-button\" data-id=\"1a1822a\" data-element_type=\"widget\" data-widget_type=\"button.default\">\n\t\t\t\t<div class=\"elementor-widget-container\">\n\t\t\t\t\t<div class=\"elementor-button-wrapper\">\n\t\t\t<a class=\"elementor-button elementor-button-link elementor-size-sm\" href=\"https:\/\/www.freibad-jesteburg.de\/wp-content\/uploads\/2023\/05\/2023-05-21-SEPA_Info_Mitglieder.pdf\" target=\"_blank\">\n\t\t\t\t\t\t<span class=\"elementor-button-content-wrapper\">\n\t\t\t\t\t\t\t\t\t<span class=\"elementor-button-text\">Info<\/span>\n\t\t\t\t\t<\/span>\n\t\t\t\t\t<\/a>\n\t\t<\/div>\n\t\t\t\t<\/div>\n\t\t\t\t<\/div>\n\t\t\t\t\t<\/div>\n\t\t<\/div>\n\t\t\t\t\t<\/div>\n\t\t<\/section>\n\t\t\t\t<\/div>\n\t\t","protected":false},"excerpt":{"rendered":"<p>Mitglied werden Tragen auch Sie dazu bei, unser Freibad langfristig zu erhalten. Der Jahresbeitrag f\u00fcr einen Erwachsenen betr\u00e4gt nur 10 \u20ac !!! [&hellip;]<\/p>\n","protected":false},"author":1,"featured_media":0,"parent":0,"menu_order":0,"comment_status":"closed","ping_status":"closed","template":"elementor_header_footer","meta":{"inline_featured_image":false,"footnotes":""},"class_list":["post-299","page","type-page","status-publish","hentry"],"_links":{"self":[{"href":"https:\/\/www.freibad-jesteburg.de\/index.php?rest_route=\/wp\/v2\/pages\/299"}],"collection":[{"href":"https:\/\/www.freibad-jesteburg.de\/index.php?rest_route=\/wp\/v2\/pages"}],"about":[{"href":"https:\/\/www.freibad-jesteburg.de\/index.php?rest_route=\/wp\/v2\/types\/page"}],"author":[{"embeddable":true,"href":"https:\/\/www.freibad-jesteburg.de\/index.php?rest_route=\/wp\/v2\/users\/1"}],"replies":[{"embeddable":true,"href":"https:\/\/www.freibad-jesteburg.de\/index.php?rest_route=%2Fwp%2Fv2%2Fcomments&post=299"}],"version-history":[{"count":37,"href":"https:\/\/www.freibad-jesteburg.de\/index.php?rest_route=\/wp\/v2\/pages\/299\/revisions"}],"predecessor-version":[{"id":2553,"href":"https:\/\/www.freibad-jesteburg.de\/index.php?rest_route=\/wp\/v2\/pages\/299\/revisions\/2553"}],"wp:attachment":[{"href":"https:\/\/www.freibad-jesteburg.de\/index.php?rest_route=%2Fwp%2Fv2%2Fmedia&parent=299"}],"curies":[{"name":"wp","href":"https:\/\/api.w.org\/{rel}","templated":true}]}}