{"id":51,"date":"2018-05-24T11:19:52","date_gmt":"2018-05-24T11:19:52","guid":{"rendered":"http:\/\/demo.athemes.com\/sydney-temp\/?page_id=4"},"modified":"2026-05-01T20:32:58","modified_gmt":"2026-05-01T19:32:58","slug":"my-front-page","status":"publish","type":"page","link":"https:\/\/www.freibad-jesteburg.de\/","title":{"rendered":"Freibad"},"content":{"rendered":"\t\t<div data-elementor-type=\"wp-post\" data-elementor-id=\"51\" class=\"elementor elementor-51\">\n\t\t\t\t\t\t<section class=\"elementor-section elementor-top-section elementor-element elementor-element-9b45c4f elementor-section-boxed elementor-section-height-default elementor-section-height-default\" data-id=\"9b45c4f\" data-element_type=\"section\">\n\t\t\t\t\t\t<div class=\"elementor-container elementor-column-gap-default\">\n\t\t\t\t\t<div class=\"elementor-column elementor-col-100 elementor-top-column elementor-element elementor-element-55ac399\" data-id=\"55ac399\" data-element_type=\"column\">\n\t\t\t<div class=\"elementor-widget-wrap elementor-element-populated\">\n\t\t\t\t\t\t<div class=\"elementor-element elementor-element-b26c1f8 elementor-button-danger elementor-align-center elementor-widget__width-inherit elementor-widget elementor-widget-button\" data-id=\"b26c1f8\" data-element_type=\"widget\" data-widget_type=\"button.default\">\n\t\t\t\t<div class=\"elementor-widget-container\">\n\t\t\t\t\t<div class=\"elementor-button-wrapper\">\n\t\t\t<a class=\"elementor-button elementor-button-link elementor-size-sm\" href=\"https:\/\/anmeldung.freibad-jesteburg.de\/\" target=\"_blank\">\n\t\t\t\t\t\t<span class=\"elementor-button-content-wrapper\">\n\t\t\t\t\t\t\t\t\t<span class=\"elementor-button-text\">--> SAISONKARTEN VORVERKAUF <--<\/span>\n\t\t\t\t\t<\/span>\n\t\t\t\t\t<\/a>\n\t\t<\/div>\n\t\t\t\t<\/div>\n\t\t\t\t<\/div>\n\t\t\t\t\t<\/div>\n\t\t<\/div>\n\t\t\t\t\t<\/div>\n\t\t<\/section>\n\t\t\t\t<section class=\"elementor-section elementor-top-section elementor-element elementor-element-70c50bee elementor-section-boxed elementor-section-height-default elementor-section-height-default\" data-id=\"70c50bee\" data-element_type=\"section\" id=\"neuigkeiten\">\n\t\t\t\t\t\t<div class=\"elementor-container elementor-column-gap-default\">\n\t\t\t\t\t<div class=\"elementor-column elementor-col-100 elementor-top-column elementor-element elementor-element-9254a77\" data-id=\"9254a77\" data-element_type=\"column\">\n\t\t\t<div class=\"elementor-widget-wrap elementor-element-populated\">\n\t\t\t\t\t\t<div class=\"elementor-element elementor-element-8e1396e elementor-widget elementor-widget-text-editor\" data-id=\"8e1396e\" data-element_type=\"widget\" data-widget_type=\"text-editor.default\">\n\t\t\t\t<div class=\"elementor-widget-container\">\n\t\t\t\t\t\t\t<h2 style=\"text-align: center;\"><span style=\"color: #ff0000;\">Die Saison 2026 startet am 16. Mai 2026!<\/span><\/h2><div>\u00a0<\/div><h5 style=\"text-align: center;\">\u00a0<\/h5>\t\t\t\t\t\t<\/div>\n\t\t\t\t<\/div>\n\t\t\t\t<div class=\"elementor-element elementor-element-246ca4c0 elementor-widget elementor-widget-heading\" data-id=\"246ca4c0\" data-element_type=\"widget\" data-widget_type=\"heading.default\">\n\t\t\t\t<div class=\"elementor-widget-container\">\n\t\t\t<h3 class=\"elementor-heading-title elementor-size-default\">Neuigkeiten<\/h3>\t\t<\/div>\n\t\t\t\t<\/div>\n\t\t\t\t<div class=\"elementor-element elementor-element-3735234a elementor-widget-divider--view-line elementor-widget elementor-widget-divider\" data-id=\"3735234a\" data-element_type=\"widget\" data-widget_type=\"divider.default\">\n\t\t\t\t<div class=\"elementor-widget-container\">\n\t\t\t\t\t<div class=\"elementor-divider\">\n\t\t\t<span class=\"elementor-divider-separator\">\n\t\t\t\t\t\t<\/span>\n\t\t<\/div>\n\t\t\t\t<\/div>\n\t\t\t\t<\/div>\n\t\t\t\t<div class=\"elementor-element elementor-element-78c05ce5 elementor-widget elementor-widget-athemes-posts\" data-id=\"78c05ce5\" data-element_type=\"widget\" data-widget_type=\"athemes-posts.default\">\n\t\t\t\t<div class=\"elementor-widget-container\">\n\t\t\t\n\t\t<div class=\"panel-grid-cell\">\t\t\t<div class=\"latest-news-wrapper carousel owl-carousel row style1\">\n\t\t\t\t\t\t\t<div class=\"blog-post col-md-12\">\n\t\t\t\t\t\t\t\t\t\t\t\t\t\t\t\t\t\t\t\t\n\t\t\t\t\t<div class=\"post-background\" style=\"background-image: url(  )\"><\/div>\t\t\t\n\t\t\t\t\t\t\t\t\t\t\n\t\t\t\t\t\t\t\t\t<div class=\"entry-meta delimiter-dot\">\n\t\t\t\t\t\t\t\t\t\t\t\t\t\t\t\t\n\t\t\t\t\t<\/div>\n\t\t\t\t\t\t\t\t<h4 class=\"entry-title\"><a href=\"https:\/\/www.freibad-jesteburg.de\/?p=2617\" rel=\"bookmark\">Vorverkauf der Saisonkarten 2026 startet<\/a><\/h4>\t\t\t\t\t<div class=\"entry-summary\">\n\t\t\t\t\t<p>Es ist soweit &#8211; der Saisonkartenvorverkauf kann losgehen. Wie in den vergangenen Jahren habt ihr die M\u00f6glichkeit, eure Karten online zu bestellen [&hellip;]<\/p>\n<\/div>\n\t\t\t\t<\/div>\n\t\t\t\t\t\t\t<div class=\"blog-post col-md-12\">\n\t\t\t\t\t\t\t\t\t\t\t\t\t\t\t\t\t\t\t\t\n\t\t\t\t\t<div class=\"post-background\" style=\"background-image: url(  )\"><\/div>\t\t\t\n\t\t\t\t\t\t\t\t\t\t\n\t\t\t\t\t\t\t\t\t<div class=\"entry-meta delimiter-dot\">\n\t\t\t\t\t\t\t\t\t\t\t\t\t\t\t\t\n\t\t\t\t\t<\/div>\n\t\t\t\t\t\t\t\t<h4 class=\"entry-title\"><a href=\"https:\/\/www.freibad-jesteburg.de\/?p=2590\" rel=\"bookmark\">Freibad Jesteburg erh\u00e4lt F\u00f6rderung vom Bund<\/a><\/h4>\t\t\t\t\t<div class=\"entry-summary\">\n\t\t\t\t\t<p>Am 22. April haben wir erfahren, dass der F\u00f6rderantrag der Gemeinde Jesteburg f\u00fcr die Sanierung kommunaler Sportst\u00e4tten vollumf\u00e4nglich genehmigt wurde!\u00a0 Der Bund [&hellip;]<\/p>\n<\/div>\n\t\t\t\t<\/div>\n\t\t\t\t\t\t\t<div class=\"blog-post col-md-12\">\n\t\t\t\t\t\t\t\t\t\t\t\t\t\t\t\t\t\t\t\t\n\t\t\t\t\t<div class=\"post-background\" style=\"background-image: url(  )\"><\/div>\t\t\t\n\t\t\t\t\t\t\t\t\t\t\n\t\t\t\t\t\t\t\t\t<div class=\"entry-meta delimiter-dot\">\n\t\t\t\t\t\t\t\t\t\t\t\t\t\t\t\t\n\t\t\t\t\t<\/div>\n\t\t\t\t\t\t\t\t<h4 class=\"entry-title\"><a href=\"https:\/\/www.freibad-jesteburg.de\/?p=2570\" rel=\"bookmark\">Zweiter Arbeitseinsatz 2026<\/a><\/h4>\t\t\t\t\t<div class=\"entry-summary\">\n\t\t\t\t\t<p>Wir m\u00f6chten uns ganz herzlich bei allen freiwilligen Helfer:innen bedanken, die uns beim ersten Arbeitseinsatz am 11. April unterst\u00fctzt haben. Dank eures [&hellip;]<\/p>\n<\/div>\n\t\t\t\t<\/div>\n\t\t\t\t\t\t<\/div>\n\t\t<\/div>\n\n\t\t\t\t\t\t\t\t\t\t\t\t<a href=\"https:\/\/www.freibad-jesteburg.de\/?page_id=52\" class=\"roll-button more-button\">Weitere Neuigkeiten<\/a>\n\t\t\t\t\n\t\t\t\n\t\t\n\t\t\t\t<\/div>\n\t\t\t\t<\/div>\n\t\t\t\t\t<\/div>\n\t\t<\/div>\n\t\t\t\t\t<\/div>\n\t\t<\/section>\n\t\t\t\t<section class=\"elementor-section elementor-top-section elementor-element elementor-element-78c11eb elementor-section-boxed elementor-section-height-default elementor-section-height-default\" data-id=\"78c11eb\" data-element_type=\"section\" id=\"oeffnungszeiten\" data-settings=\"{&quot;background_background&quot;:&quot;classic&quot;}\">\n\t\t\t\t\t\t<div class=\"elementor-container elementor-column-gap-default\">\n\t\t\t\t\t<div class=\"elementor-column elementor-col-100 elementor-top-column elementor-element elementor-element-0851b19\" data-id=\"0851b19\" data-element_type=\"column\">\n\t\t\t<div class=\"elementor-widget-wrap elementor-element-populated\">\n\t\t\t\t\t\t<div class=\"elementor-element elementor-element-3ba109b elementor-widget elementor-widget-heading\" data-id=\"3ba109b\" data-element_type=\"widget\" data-widget_type=\"heading.default\">\n\t\t\t\t<div class=\"elementor-widget-container\">\n\t\t\t<h3 class=\"elementor-heading-title elementor-size-default\">\u00d6ffnungszeiten Saison 2026<br>ab dem 16. Mai 2026<\/h3>\t\t<\/div>\n\t\t\t\t<\/div>\n\t\t\t\t<div class=\"elementor-element elementor-element-4397ae3 elementor-widget elementor-widget-text-editor\" data-id=\"4397ae3\" data-element_type=\"widget\" data-widget_type=\"text-editor.default\">\n\t\t\t\t<div class=\"elementor-widget-container\">\n\t\t\t\t\t\t\t<p style=\"text-align: center;\">.<\/p>\t\t\t\t\t\t<\/div>\n\t\t\t\t<\/div>\n\t\t\t\t<div class=\"elementor-element elementor-element-4cab789 elementor-widget-divider--view-line elementor-widget elementor-widget-divider\" data-id=\"4cab789\" data-element_type=\"widget\" data-widget_type=\"divider.default\">\n\t\t\t\t<div class=\"elementor-widget-container\">\n\t\t\t\t\t<div class=\"elementor-divider\">\n\t\t\t<span class=\"elementor-divider-separator\">\n\t\t\t\t\t\t<\/span>\n\t\t<\/div>\n\t\t\t\t<\/div>\n\t\t\t\t<\/div>\n\t\t\t\t<div class=\"elementor-element elementor-element-c4a8004 elementor-widget elementor-widget-text-editor\" data-id=\"c4a8004\" data-element_type=\"widget\" data-widget_type=\"text-editor.default\">\n\t\t\t\t<div class=\"elementor-widget-container\">\n\t\t\t\t\t\t\t<table>\n<tbody>\n<tr>\n<td style=\"text-align: center;\">\n<h4><strong>t\u00e4glich<\/strong><\/h4>\n<\/td>\n<td style=\"text-align: center;\">\n<h4><strong>8:00 &#8211; 19:00 Uhr<\/strong><\/h4>\n<\/td>\n<\/tr>\n<\/tbody>\n<\/table>\n&nbsp;\t\t\t\t\t\t<\/div>\n\t\t\t\t<\/div>\n\t\t\t\t<div class=\"elementor-element elementor-element-ef43a46 elementor-widget-divider--view-line elementor-widget elementor-widget-divider\" data-id=\"ef43a46\" data-element_type=\"widget\" id=\"preise\" data-widget_type=\"divider.default\">\n\t\t\t\t<div class=\"elementor-widget-container\">\n\t\t\t\t\t<div class=\"elementor-divider\">\n\t\t\t<span class=\"elementor-divider-separator\">\n\t\t\t\t\t\t<\/span>\n\t\t<\/div>\n\t\t\t\t<\/div>\n\t\t\t\t<\/div>\n\t\t\t\t<div class=\"elementor-element elementor-element-433b6fe elementor-widget elementor-widget-heading\" data-id=\"433b6fe\" data-element_type=\"widget\" data-widget_type=\"heading.default\">\n\t\t\t\t<div class=\"elementor-widget-container\">\n\t\t\t<h3 class=\"elementor-heading-title elementor-size-default\">Preise Saison 2026<br><\/h3>\t\t<\/div>\n\t\t\t\t<\/div>\n\t\t\t\t<div class=\"elementor-element elementor-element-a7269be elementor-widget elementor-widget-text-editor\" data-id=\"a7269be\" data-element_type=\"widget\" data-widget_type=\"text-editor.default\">\n\t\t\t\t<div class=\"elementor-widget-container\">\n\t\t\t\t\t\t\t<p style=\"text-align: center;\">Saisonkarten sind weiterhin an der Freibadkasse erh\u00e4ltlich!<\/p>\t\t\t\t\t\t<\/div>\n\t\t\t\t<\/div>\n\t\t\t\t<div class=\"elementor-element elementor-element-af21351 elementor-widget elementor-widget-text-editor\" data-id=\"af21351\" data-element_type=\"widget\" data-widget_type=\"text-editor.default\">\n\t\t\t\t<div class=\"elementor-widget-container\">\n\t\t\t\t\t\t\t<table class=\"text-table\">\n<tbody>\n<tr>\n<td class=\"oz tag\" style=\"text-align: left;\"><b>Einzeleintritt<\/b><\/td>\n<td class=\"oz tag\"><\/td>\n<\/tr>\n<tr>\n<td class=\"oz tag\" style=\"text-align: left;\"><span style=\"color: #000000;\">Vollzahler (erwerbst\u00e4tige Erwachsene)\u00a0<\/span><\/td>\n<td class=\"oz zeit prgap\" style=\"text-align: right;\"><span style=\"color: #000000;\">5,00 \u20ac<\/span><\/td>\n<\/tr>\n<tr>\n<td class=\"oz tag\" style=\"text-align: left;\"><span style=\"color: #000000;\">Kinder und Jugendliche bis 17Jahre oder Begleitung (ohne Baden)\u00a0<\/span><\/td>\n<td class=\"oz zeit prgap\" style=\"text-align: right;\"><span style=\"color: #000000;\">2,50 \u20ac<\/span><\/td>\n<\/tr>\n<tr>\n<td class=\"oz tag\" style=\"text-align: left;\"><span style=\"color: #000000;\">erm\u00e4\u00dfigter Eintritt (Jugendliche, Sch\u00fcler, Studenten, Behinderte)\u00a0<\/span><\/td>\n<td class=\"oz zeit prgap\" style=\"text-align: right;\"><span style=\"color: #000000;\">2,50 \u20ac<\/span><\/td>\n<\/tr>\n<tr>\n<td class=\"oz tag\" style=\"text-align: left;\"><b>Saisonkarten<\/b><\/td>\n<td class=\"oz tag\"><\/td>\n<\/tr>\n<tr>\n<td class=\"oz tag\" style=\"text-align: left;\">Einzelkarte ab 18 Jahre<\/td>\n<td class=\"oz zeit prgap\" style=\"text-align: right;\">75,00 \u20ac<\/td>\n<\/tr>\n<tr>\n<td class=\"oz tag\" style=\"text-align: left;\">Einzelkarte bis 17 Jahre<\/td>\n<td class=\"oz zeit prgap\" style=\"text-align: right;\">40,00 \u20ac<\/td>\n<\/tr>\n<tr>\n<td class=\"oz tag\" style=\"text-align: left;\">Partner- und Familienkarte (Eheleute oder ehe\u00e4hnliche Gemeinschaft mit oder ohne Kinder)<\/td>\n<td class=\"oz zeit prgap\" style=\"text-align: right;\">120,00 \u20ac<\/td>\n<\/tr>\n<tr>\n<td class=\"oz tag\" style=\"text-align: left;\">Familienkarte (alleinerziehend)<\/td>\n<td class=\"oz zeit prgap\" style=\"text-align: right;\">80,00 \u20ac<\/td>\n<\/tr>\n<tr>\n<td class=\"oz tag\" style=\"text-align: left;\">Familienkarte (erm\u00e4\u00dfigt f\u00fcr Leistungsbeziehende und Erwerbslose)<\/td>\n<td class=\"oz zeit prgap\" style=\"text-align: right;\">70,00 \u20ac<\/td>\n<\/tr>\n<tr>\n<td class=\"oz tag\" style=\"text-align: left;\">Familienkarte (erm\u00e4\u00dfigt f\u00fcr Alleinerziehende Leistungsbeziehende und Erwerbslose)<\/td>\n<td class=\"oz tag\" style=\"text-align: right;\">55,00 \u20ac<\/td>\n<\/tr>\n<tr>\n<td class=\"oz tag\" style=\"text-align: left;\"><b>Mehrfacheintritt<\/b><\/td>\n<td class=\"oz zeit prgap\" style=\"text-align: right;\"><\/td>\n<\/tr>\n<tr>\n<td class=\"oz tag\" style=\"text-align: left;\"><span style=\"color: #000000;\">10er Karte f\u00fcr Personen ab 18 Jahre\u00a0<\/span><\/td>\n<td class=\"oz zeit prgap\" style=\"text-align: right;\"><span style=\"color: #000000;\">45,00 \u20ac<\/span><\/td>\n<\/tr>\n<tr>\n<td class=\"oz tag\" style=\"text-align: left;\"><span style=\"color: #000000;\">10er Karte f\u00fcr Personen bis 17 Jahre<\/span><\/td>\n<td class=\"oz zeit prgap\" style=\"text-align: right;\"><span style=\"color: #000000;\">20,00 \u20ac<\/span><\/td>\n<\/tr>\n<\/tbody>\n<\/table>\t\t\t\t\t\t<\/div>\n\t\t\t\t<\/div>\n\t\t\t\t\t<\/div>\n\t\t<\/div>\n\t\t\t\t\t<\/div>\n\t\t<\/section>\n\t\t\t\t<section class=\"elementor-section elementor-top-section elementor-element elementor-element-7627d4c elementor-section-boxed elementor-section-height-default elementor-section-height-default\" data-id=\"7627d4c\" data-element_type=\"section\" id=\"anfahrt\" data-settings=\"{&quot;background_background&quot;:&quot;classic&quot;}\">\n\t\t\t\t\t\t<div class=\"elementor-container elementor-column-gap-default\">\n\t\t\t\t\t<div class=\"elementor-column elementor-col-100 elementor-top-column elementor-element elementor-element-ed5f1d2\" data-id=\"ed5f1d2\" data-element_type=\"column\">\n\t\t\t<div class=\"elementor-widget-wrap elementor-element-populated\">\n\t\t\t\t\t\t<div class=\"elementor-element elementor-element-840d4a0 elementor-widget elementor-widget-heading\" data-id=\"840d4a0\" data-element_type=\"widget\" data-widget_type=\"heading.default\">\n\t\t\t\t<div class=\"elementor-widget-container\">\n\t\t\t<h2 class=\"elementor-heading-title elementor-size-default\">Anfahrt<\/h2>\t\t<\/div>\n\t\t\t\t<\/div>\n\t\t\t\t<div class=\"elementor-element elementor-element-9a0de97 elementor-widget-divider--view-line elementor-widget elementor-widget-divider\" data-id=\"9a0de97\" data-element_type=\"widget\" data-widget_type=\"divider.default\">\n\t\t\t\t<div class=\"elementor-widget-container\">\n\t\t\t\t\t<div class=\"elementor-divider\">\n\t\t\t<span class=\"elementor-divider-separator\">\n\t\t\t\t\t\t<\/span>\n\t\t<\/div>\n\t\t\t\t<\/div>\n\t\t\t\t<\/div>\n\t\t\t\t<div class=\"elementor-element elementor-element-030b527 elementor-widget elementor-widget-google_maps\" data-id=\"030b527\" data-element_type=\"widget\" data-widget_type=\"google_maps.default\">\n\t\t\t\t<div class=\"elementor-widget-container\">\n\t\t\t\t\t<div class=\"elementor-custom-embed\">\n\t\t\t<iframe loading=\"lazy\"\n\t\t\t\t\tsrc=\"https:\/\/maps.google.com\/maps?q=Freibad%20Jesteburg%20Am%20Alten%20Moor%2015%2021266%20Jesteburg&#038;t=m&#038;z=12&#038;output=embed&#038;iwloc=near\"\n\t\t\t\t\ttitle=\"Freibad Jesteburg Am Alten Moor 15 21266 Jesteburg\"\n\t\t\t\t\taria-label=\"Freibad Jesteburg Am Alten Moor 15 21266 Jesteburg\"\n\t\t\t><\/iframe>\n\t\t<\/div>\n\t\t\t\t<\/div>\n\t\t\t\t<\/div>\n\t\t\t\t\t<\/div>\n\t\t<\/div>\n\t\t\t\t\t<\/div>\n\t\t<\/section>\n\t\t\t\t<section class=\"elementor-section elementor-top-section elementor-element elementor-element-31adbac elementor-section-boxed elementor-section-height-default elementor-section-height-default\" data-id=\"31adbac\" data-element_type=\"section\" id=\"sponsoren\">\n\t\t\t\t\t\t<div class=\"elementor-container elementor-column-gap-default\">\n\t\t\t\t\t<div class=\"elementor-column elementor-col-100 elementor-top-column elementor-element elementor-element-54d14cd\" data-id=\"54d14cd\" data-element_type=\"column\">\n\t\t\t<div class=\"elementor-widget-wrap elementor-element-populated\">\n\t\t\t\t\t\t<div class=\"elementor-element elementor-element-cfa9c4f elementor-widget elementor-widget-heading\" data-id=\"cfa9c4f\" data-element_type=\"widget\" data-widget_type=\"heading.default\">\n\t\t\t\t<div class=\"elementor-widget-container\">\n\t\t\t<h3 class=\"elementor-heading-title elementor-size-default\">wir danken unseren Sponsoren<\/h3>\t\t<\/div>\n\t\t\t\t<\/div>\n\t\t\t\t<div class=\"elementor-element elementor-element-a4d625d elementor-widget-divider--view-line elementor-widget elementor-widget-divider\" data-id=\"a4d625d\" data-element_type=\"widget\" data-widget_type=\"divider.default\">\n\t\t\t\t<div class=\"elementor-widget-container\">\n\t\t\t\t\t<div class=\"elementor-divider\">\n\t\t\t<span class=\"elementor-divider-separator\">\n\t\t\t\t\t\t<\/span>\n\t\t<\/div>\n\t\t\t\t<\/div>\n\t\t\t\t<\/div>\n\t\t\t\t<div class=\"elementor-element elementor-element-3db8faf2 gallery-spacing-custom elementor-widget elementor-widget-image-gallery\" data-id=\"3db8faf2\" data-element_type=\"widget\" data-widget_type=\"image-gallery.default\">\n\t\t\t\t<div class=\"elementor-widget-container\">\n\t\t\t\t\t<div class=\"elementor-image-gallery\">\n\t\t\t<div id='gallery-1' class='gallery galleryid-2570 gallery-columns-3 gallery-size-medium'><figure class='gallery-item'>\n\t\t\t<div class='gallery-icon landscape'>\n\t\t\t\t<img decoding=\"async\" width=\"300\" height=\"62\" src=\"https:\/\/www.freibad-jesteburg.de\/wp-content\/uploads\/2020\/08\/logo_emotivo-300x62.png\" class=\"attachment-medium size-medium\" alt=\"\" srcset=\"https:\/\/www.freibad-jesteburg.de\/wp-content\/uploads\/2020\/08\/logo_emotivo-300x62.png 300w, https:\/\/www.freibad-jesteburg.de\/wp-content\/uploads\/2020\/08\/logo_emotivo-230x47.png 230w, https:\/\/www.freibad-jesteburg.de\/wp-content\/uploads\/2020\/08\/logo_emotivo-350x72.png 350w, https:\/\/www.freibad-jesteburg.de\/wp-content\/uploads\/2020\/08\/logo_emotivo.png 400w\" sizes=\"(max-width: 300px) 100vw, 300px\" loading=\"lazy\" \/>\n\t\t\t<\/div><\/figure><figure class='gallery-item'>\n\t\t\t<div class='gallery-icon landscape'>\n\t\t\t\t<img decoding=\"async\" width=\"300\" height=\"116\" src=\"https:\/\/www.freibad-jesteburg.de\/wp-content\/uploads\/2020\/01\/spk-logo-druck-1-300x116.png\" class=\"attachment-medium size-medium\" alt=\"\" srcset=\"https:\/\/www.freibad-jesteburg.de\/wp-content\/uploads\/2020\/01\/spk-logo-druck-1-300x116.png 300w, https:\/\/www.freibad-jesteburg.de\/wp-content\/uploads\/2020\/01\/spk-logo-druck-1-768x296.png 768w, https:\/\/www.freibad-jesteburg.de\/wp-content\/uploads\/2020\/01\/spk-logo-druck-1-830x320.png 830w, https:\/\/www.freibad-jesteburg.de\/wp-content\/uploads\/2020\/01\/spk-logo-druck-1-230x89.png 230w, https:\/\/www.freibad-jesteburg.de\/wp-content\/uploads\/2020\/01\/spk-logo-druck-1-350x135.png 350w, https:\/\/www.freibad-jesteburg.de\/wp-content\/uploads\/2020\/01\/spk-logo-druck-1-480x185.png 480w, https:\/\/www.freibad-jesteburg.de\/wp-content\/uploads\/2020\/01\/spk-logo-druck-1.png 1000w\" sizes=\"(max-width: 300px) 100vw, 300px\" loading=\"lazy\" \/>\n\t\t\t<\/div><\/figure><figure class='gallery-item'>\n\t\t\t<div class='gallery-icon portrait'>\n\t\t\t\t<img decoding=\"async\" width=\"150\" height=\"231\" src=\"https:\/\/www.freibad-jesteburg.de\/wp-content\/uploads\/2020\/02\/Gilbert-Studios.png\" class=\"attachment-medium size-medium\" alt=\"\" loading=\"lazy\" \/>\n\t\t\t<\/div><\/figure>\n\t\t<\/div>\n\t\t<\/div>\n\t\t\t\t<\/div>\n\t\t\t\t<\/div>\n\t\t\t\t\t<\/div>\n\t\t<\/div>\n\t\t\t\t\t<\/div>\n\t\t<\/section>\n\t\t\t\t<\/div>\n\t\t","protected":false},"excerpt":{"rendered":"<p>&#8211;> SAISONKARTEN VORVERKAUF<\/p>\n","protected":false},"author":1,"featured_media":0,"parent":0,"menu_order":0,"comment_status":"closed","ping_status":"closed","template":"","meta":{"inline_featured_image":false,"footnotes":""},"class_list":["post-51","page","type-page","status-publish","hentry"],"_links":{"self":[{"href":"https:\/\/www.freibad-jesteburg.de\/index.php?rest_route=\/wp\/v2\/pages\/51"}],"collection":[{"href":"https:\/\/www.freibad-jesteburg.de\/index.php?rest_route=\/wp\/v2\/pages"}],"about":[{"href":"https:\/\/www.freibad-jesteburg.de\/index.php?rest_route=\/wp\/v2\/types\/page"}],"author":[{"embeddable":true,"href":"https:\/\/www.freibad-jesteburg.de\/index.php?rest_route=\/wp\/v2\/users\/1"}],"replies":[{"embeddable":true,"href":"https:\/\/www.freibad-jesteburg.de\/index.php?rest_route=%2Fwp%2Fv2%2Fcomments&post=51"}],"version-history":[{"count":404,"href":"https:\/\/www.freibad-jesteburg.de\/index.php?rest_route=\/wp\/v2\/pages\/51\/revisions"}],"predecessor-version":[{"id":2615,"href":"https:\/\/www.freibad-jesteburg.de\/index.php?rest_route=\/wp\/v2\/pages\/51\/revisions\/2615"}],"wp:attachment":[{"href":"https:\/\/www.freibad-jesteburg.de\/index.php?rest_route=%2Fwp%2Fv2%2Fmedia&parent=51"}],"curies":[{"name":"wp","href":"https:\/\/api.w.org\/{rel}","templated":true}]}}