{"id":527,"date":"2020-06-09T21:19:14","date_gmt":"2020-06-09T20:19:14","guid":{"rendered":"https:\/\/relaunch.freibad-jesteburg.de\/?page_id=527"},"modified":"2026-03-12T13:44:34","modified_gmt":"2026-03-12T12:44:34","slug":"impressum","status":"publish","type":"page","link":"https:\/\/www.freibad-jesteburg.de\/?page_id=527","title":{"rendered":"Impressum"},"content":{"rendered":"\t\t<div data-elementor-type=\"wp-page\" data-elementor-id=\"527\" class=\"elementor elementor-527\">\n\t\t\t\t\t\t<section class=\"elementor-section elementor-top-section elementor-element elementor-element-90d05de elementor-section-boxed elementor-section-height-default elementor-section-height-default\" data-id=\"90d05de\" data-element_type=\"section\">\n\t\t\t\t\t\t<div class=\"elementor-container elementor-column-gap-default\">\n\t\t\t\t\t<div class=\"elementor-column elementor-col-100 elementor-top-column elementor-element elementor-element-d9f5d14\" data-id=\"d9f5d14\" data-element_type=\"column\">\n\t\t\t<div class=\"elementor-widget-wrap elementor-element-populated\">\n\t\t\t\t\t\t<div class=\"elementor-element elementor-element-5b756c2 elementor-widget elementor-widget-text-editor\" data-id=\"5b756c2\" data-element_type=\"widget\" data-widget_type=\"text-editor.default\">\n\t\t\t\t<div class=\"elementor-widget-container\">\n\t\t\t\t\t\t\t<p>Verantwortlich f\u00fcr diese Webseite:<strong><br \/>Unser Freibad Jesteburg e.V.<\/strong><\/p><p>Maren Warnecke, 1. Vorsitzende<br \/>Roybergschneise 12<br \/>21266 Jesteburg<\/p><p>E-Mail: info@freibad-jesteburg.de<br \/>Umsatzsteuer-ID: 1520303545<\/p><p>Verantwortlich f\u00fcr den Betrieb des Freibades Jesteburg:<br \/><strong>Gemeinde Jesteburg<\/strong><br \/>Frau Claudia von Ascheraden<br \/>Niedersachenplatz 5<br \/>21266 Jesteburg<br \/>Telefon: 04183 \/ 97470<\/p>\t\t\t\t\t\t<\/div>\n\t\t\t\t<\/div>\n\t\t\t\t\t<\/div>\n\t\t<\/div>\n\t\t\t\t\t<\/div>\n\t\t<\/section>\n\t\t\t\t<section class=\"elementor-section elementor-top-section elementor-element elementor-element-4e226ba elementor-section-boxed elementor-section-height-default elementor-section-height-default\" data-id=\"4e226ba\" data-element_type=\"section\">\n\t\t\t\t\t\t<div class=\"elementor-container elementor-column-gap-default\">\n\t\t\t\t\t<div class=\"elementor-column elementor-col-100 elementor-top-column elementor-element elementor-element-8a13acb\" data-id=\"8a13acb\" data-element_type=\"column\">\n\t\t\t<div class=\"elementor-widget-wrap elementor-element-populated\">\n\t\t\t\t\t\t<div class=\"elementor-element elementor-element-1cc37fb elementor-widget elementor-widget-text-editor\" data-id=\"1cc37fb\" data-element_type=\"widget\" data-widget_type=\"text-editor.default\">\n\t\t\t\t<div class=\"elementor-widget-container\">\n\t\t\t\t\t\t\t<div class=\"wysiwygimg\"><div class=\"wysiwygimgtext\"><p>Gem\u00e4\u00df \u00a7 28 BDSG widersprechen wir jeder kommerziellen Verwendung und Weitergabe unserer Daten.<\/p><p><strong>Verantwortungsbereich:<\/strong><br \/>Das Impressum gilt nur f\u00fcr die Internetpr\u00e4senz unter der Adresse:\u00a0<a href=\"https:\/\/www.freibad-jesteburg.de\/undefined\/\" target=\"_blank\" rel=\"noopener\">www.freibad-jesteburg.de<\/a>.<\/p><p><strong>Abgrenzung:<\/strong><br \/>Die Web-Pr\u00e4senz ist Teil des WWW und dementsprechend mit fremden Web-Sites verkn\u00fcpft, die sich jederzeit ver\u00e4ndern k\u00f6nnen und folglich auch nicht diesem Verantwortungsbereich unterliegen und f\u00fcr die die nach folgenden Informationen nicht gelten. Dass die Links weder gegen Sitten noch Gesetze versto\u00dfen, wurde genau ein mal gepr\u00fcft, bevor sie hier aufgenommen wurden. Solche Links, die zu fremden Webprojekten f\u00fchren, erkennen Sie daran: Neues Browserfenster.<\/p><\/div><\/div><div class=\"wysiwygimg\"><div class=\"wysiwygimgtext\"><p><strong>Urheberschutz und Nutzung<\/strong><br \/>Der Urheber r\u00e4umt Ihnen ganz konkret das Nutzungsrecht ein, sich eine private Kopie f\u00fcr pers\u00f6nliche Zwecke anzufertigen. Nicht berechtigt sind Sie dagegen, die Materialien zu ver\u00e4ndern und \/oder weiter zu geben oder gar selbst zu ver\u00f6ffentlichen. Wenn nicht ausdr\u00fccklich anders vermerkt, liegen die Urheberrechte beim Verein.<\/p><p><strong>Keine Haftung:<\/strong><br \/>Die Inhalte dieses Webprojektes wurden sorgf\u00e4ltig gepr\u00fcft und nach bestem Wissen erstellt. Aber f\u00fcr die hier dargebotenen Informationen wird kein Anspruch auf Vollst\u00e4ndigkeit, Aktualit\u00e4t, Qualit\u00e4t und Richtigkeit erhoben. Es kann keine Verantwortung f\u00fcr Sch\u00e4den \u00fcbernommen werden, die durch das Vertrauen auf die Inhalte dieser Website oder deren Gebrauch entstehen.<\/p><p><strong>Schutzrechtsverletzung:<\/strong><br \/>Falls Sie vermuten, dass von dieser Website aus eines Ihrer Schutzrechte verletzt wird, teilen Sie das bitte umgehend per elektronischer Post mit, damit z\u00fcgig Abhilfe geschafft werden kann. Bitte nehmen Sie zur Kenntnis: Die zeitaufw\u00e4ndigere Einschaltung eines Anwaltes zur f\u00fcr den Diensteanbieter kostenpflichtigen Abmahnung entspricht nicht dessen wirklichen oder mutma\u00dflichen Willen.<\/p><\/div><\/div>\t\t\t\t\t\t<\/div>\n\t\t\t\t<\/div>\n\t\t\t\t\t<\/div>\n\t\t<\/div>\n\t\t\t\t\t<\/div>\n\t\t<\/section>\n\t\t\t\t<\/div>\n\t\t","protected":false},"excerpt":{"rendered":"<p>Verantwortlich f\u00fcr diese Webseite:Unser Freibad Jesteburg e.V. Maren Warnecke, 1. VorsitzendeRoybergschneise 1221266 Jesteburg E-Mail: info@freibad-jesteburg.deUmsatzsteuer-ID: 1520303545 Verantwortlich f\u00fcr den Betrieb des Freibades [&hellip;]<\/p>\n","protected":false},"author":1,"featured_media":0,"parent":0,"menu_order":0,"comment_status":"closed","ping_status":"closed","template":"","meta":{"inline_featured_image":false,"footnotes":""},"class_list":["post-527","page","type-page","status-publish","hentry"],"_links":{"self":[{"href":"https:\/\/www.freibad-jesteburg.de\/index.php?rest_route=\/wp\/v2\/pages\/527"}],"collection":[{"href":"https:\/\/www.freibad-jesteburg.de\/index.php?rest_route=\/wp\/v2\/pages"}],"about":[{"href":"https:\/\/www.freibad-jesteburg.de\/index.php?rest_route=\/wp\/v2\/types\/page"}],"author":[{"embeddable":true,"href":"https:\/\/www.freibad-jesteburg.de\/index.php?rest_route=\/wp\/v2\/users\/1"}],"replies":[{"embeddable":true,"href":"https:\/\/www.freibad-jesteburg.de\/index.php?rest_route=%2Fwp%2Fv2%2Fcomments&post=527"}],"version-history":[{"count":22,"href":"https:\/\/www.freibad-jesteburg.de\/index.php?rest_route=\/wp\/v2\/pages\/527\/revisions"}],"predecessor-version":[{"id":2496,"href":"https:\/\/www.freibad-jesteburg.de\/index.php?rest_route=\/wp\/v2\/pages\/527\/revisions\/2496"}],"wp:attachment":[{"href":"https:\/\/www.freibad-jesteburg.de\/index.php?rest_route=%2Fwp%2Fv2%2Fmedia&parent=527"}],"curies":[{"name":"wp","href":"https:\/\/api.w.org\/{rel}","templated":true}]}}